{"id":11740,"date":"2016-05-01T23:15:47","date_gmt":"2016-05-01T22:15:47","guid":{"rendered":"https:\/\/www.maeva-polynesie.fr\/?page_id=11740"},"modified":"2018-05-09T15:43:05","modified_gmt":"2018-05-09T14:43:05","slug":"le-mot-de-la-presidente","status":"publish","type":"page","link":"https:\/\/site-de-test-et-validation.maeva-polynesie.fr\/?page_id=11740","title":{"rendered":"Le mot de la Pr\u00e9sidente"},"content":{"rendered":"<div class=\"fusion-fullwidth fullwidth-box fusion-builder-row-1 nonhundred-percent-fullwidth non-hundred-percent-height-scrolling\" style=\"--awb-background-position:left top;--awb-border-radius-top-left:0px;--awb-border-radius-top-right:0px;--awb-border-radius-bottom-right:0px;--awb-border-radius-bottom-left:0px;--awb-padding-top:20px;--awb-padding-bottom:20px;--awb-border-sizes-top:0px;--awb-border-sizes-bottom:0px;--awb-flex-wrap:wrap;\" ><div class=\"fusion-builder-row fusion-row\"><div class=\"fusion-layout-column fusion_builder_column fusion-builder-column-0 fusion_builder_column_1_1 1_1 fusion-one-full fusion-column-first fusion-column-last fusion-column-no-min-height\" style=\"--awb-bg-size:cover;--awb-margin-bottom:0px;\"><div class=\"fusion-column-wrapper fusion-flex-column-wrapper-legacy\"><div class=\"fusion-text fusion-text-1\"><h1><strong>Le mot de la Pr\u00e9sidente<\/strong><\/h1>\n<p><strong>Soyez les bienvenus sur le site de l&#8217;association <em>MAEVA Polyn\u00e9sie<\/em>.<\/strong><\/p>\n<p>Ce site vous fera d\u00e9couvrir l&#8217;association MAEVA Polyn\u00e9sie et les actions qu\u2019elle m\u00e8ne aupr\u00e8s des\u00a0 personnes concern\u00e9es ou int\u00e9ress\u00e9es par l\u2019adoption en Polyn\u00e9sie. Il vous apportera \u00e9galement des renseignements sur les sp\u00e9cificit\u00e9s de cette adoption.<\/p>\n<p>L\u2019\u00e9thique\u00a0de l\u2019association, qui guide l\u2019ensemble de nos actions, accorde une priorit\u00e9 \u00e0 l\u2019int\u00e9r\u00eat de l\u2019enfant. Elle attache \u00e9galement de l\u2019importance au respect de la culture polyn\u00e9sienne et \u00e0 la prise en compte de la place et du v\u00e9cu de chacun\u00a0(parents biologiques, enfant, parents adoptifs), aussi bien au moment de l\u2019adoption qu\u2019ult\u00e9rieurement.<\/p>\n<p><strong>Notre association regroupe\u00a0:<\/strong><\/p>\n<ul>\n<li>des parents adoptifs d&#8217;enfants polyn\u00e9siens,<\/li>\n<li>des enfants polyn\u00e9siens adopt\u00e9s, de tout \u00e2ge, certains devenus adultes,<\/li>\n<li>des postulants \u00e0 l&#8217;adoption en Polyn\u00e9sie.<\/li>\n<\/ul>\n<p><strong>Nos actions sont donc orient\u00e9es vers chacune de ces 3 populations.<\/strong><\/p>\n<p>Pour les enfants, les adolescents et les jeunes adultes, l\u2019association leur permet de conna\u00eetre d\u2019autres jeunes adopt\u00e9s comme eux en Polyn\u00e9sie, de se rencontrer, d\u2019\u00e9changer entre eux sur leur v\u00e9cu, leur ressenti, de questionner ceux qui ont d\u00e9j\u00e0 eu l\u2019exp\u00e9rience d\u2019un retour en Polyn\u00e9sie \u2026<\/p>\n<p>Pour les parents, l\u2019association offre par les \u00e9changes et les ateliers du week-end de la f\u00eate annuelle,\u00a0 par le Journal de l\u2019Association, et par les conseils t\u00e9l\u00e9phoniques, la possibilit\u00e9 d\u2019avoir des informations et du soutien lors des diff\u00e9rents moments de la vie de leurs enfants et des d\u00e9marches \u00e0 r\u00e9aliser (consentement d\u00e9finitif \u00e0 l\u2019adoption, gestion des \u00e9changes entre l\u2019enfant et sa famille biologique, moment du retour en Polyn\u00e9sie \u2026).<\/p>\n<p>Pour les postulants l\u2019association organise une r\u00e9union d\u2019information sur les sp\u00e9cificit\u00e9s de l\u2019adoption en Polyn\u00e9sie, les d\u00e9marches \u00e0 effectuer et les comportements \u00e0 bannir. Elle apporte des t\u00e9moignages de nouveaux parents. Les responsables r\u00e9gionaux assurent le suivi t\u00e9l\u00e9phonique, conseils et soutien.<\/p>\n<p><strong>Le journal de l\u2019association<\/strong> diffuse les \u00e9volutions dans le domaine de l\u2019adoption et les changements de proc\u00e9dures. Par ses articles et t\u00e9moignages il rend compte d\u2019ann\u00e9e en ann\u00e9e de l\u2019adoption en Polyn\u00e9sie et des exp\u00e9riences v\u00e9cues par les parents ou les enfants.<\/p>\n<p>Nous mettrons en ligne des t\u00e9moignages afin que nos lecteurs puissent mieux comprendre les particularit\u00e9s de cette adoption.<\/p>\n<p>Nous vous donnerons r\u00e9guli\u00e8rement des informations concernant la vie de l&#8217;association, les manifestations pr\u00e9vues : f\u00eates locales ou nationales, r\u00e9unions &#8220;postulants&#8221;\u2026<\/p>\n<p>Pour que ce site soit encore plus vivant, je vous invite \u00e0 nous envoyer des textes qui vous sembleraient pr\u00e9senter un int\u00e9r\u00eat pour nos lecteurs afin de les inclure dans nos pages et ainsi les partager avec les autres internautes.<\/p>\n<p>Myriam PRADET<\/p>\n<p>Pr\u00e9sidente de l\u2019Association MAEVA\u00a0 Polyn\u00e9sie<\/p>\n<h2><\/h2>\n<\/div><div class=\"fusion-text fusion-text-2\"><h6 style=\"text-align: left;\">Page cr\u00e9e par MR le : 2 mai 2016 &#8211; \u00a0modifi\u00e9e par MR le : 8 mai 2018<\/h6>\n<\/div><div class=\"fusion-clearfix\"><\/div><\/div><\/div><\/div><\/div>\n","protected":false},"excerpt":{"rendered":"","protected":false},"author":1,"featured_media":0,"parent":0,"menu_order":0,"comment_status":"closed","ping_status":"closed","template":"","meta":{"footnotes":""},"class_list":["post-11740","page","type-page","status-publish","hentry"],"_links":{"self":[{"href":"https:\/\/site-de-test-et-validation.maeva-polynesie.fr\/index.php?rest_route=\/wp\/v2\/pages\/11740","targetHints":{"allow":["GET"]}}],"collection":[{"href":"https:\/\/site-de-test-et-validation.maeva-polynesie.fr\/index.php?rest_route=\/wp\/v2\/pages"}],"about":[{"href":"https:\/\/site-de-test-et-validation.maeva-polynesie.fr\/index.php?rest_route=\/wp\/v2\/types\/page"}],"author":[{"embeddable":true,"href":"https:\/\/site-de-test-et-validation.maeva-polynesie.fr\/index.php?rest_route=\/wp\/v2\/users\/1"}],"replies":[{"embeddable":true,"href":"https:\/\/site-de-test-et-validation.maeva-polynesie.fr\/index.php?rest_route=%2Fwp%2Fv2%2Fcomments&post=11740"}],"version-history":[{"count":13,"href":"https:\/\/site-de-test-et-validation.maeva-polynesie.fr\/index.php?rest_route=\/wp\/v2\/pages\/11740\/revisions"}],"predecessor-version":[{"id":12872,"href":"https:\/\/site-de-test-et-validation.maeva-polynesie.fr\/index.php?rest_route=\/wp\/v2\/pages\/11740\/revisions\/12872"}],"wp:attachment":[{"href":"https:\/\/site-de-test-et-validation.maeva-polynesie.fr\/index.php?rest_route=%2Fwp%2Fv2%2Fmedia&parent=11740"}],"curies":[{"name":"wp","href":"https:\/\/api.w.org\/{rel}","templated":true}]}}