{"id":11761,"date":"2016-05-01T23:59:21","date_gmt":"2016-05-01T22:59:21","guid":{"rendered":"https:\/\/www.maeva-polynesie.fr\/?page_id=11761"},"modified":"2024-07-02T23:27:57","modified_gmt":"2024-07-02T21:27:57","slug":"les-representants-locaux","status":"publish","type":"page","link":"https:\/\/site-de-test-et-validation.maeva-polynesie.fr\/?page_id=11761","title":{"rendered":"Les repr\u00e9sentants locaux"},"content":{"rendered":"<p><div class=\"fusion-fullwidth fullwidth-box fusion-builder-row-1 nonhundred-percent-fullwidth non-hundred-percent-height-scrolling\" style=\"--awb-background-position:left top;--awb-border-sizes-top:0px;--awb-border-sizes-bottom:0px;--awb-border-sizes-left:0px;--awb-border-sizes-right:0px;--awb-border-radius-top-left:0px;--awb-border-radius-top-right:0px;--awb-border-radius-bottom-right:0px;--awb-border-radius-bottom-left:0px;--awb-padding-top:20px;--awb-padding-bottom:20px;--awb-flex-wrap:wrap;\" ><div class=\"fusion-builder-row fusion-row\"><div class=\"fusion-layout-column fusion_builder_column fusion-builder-column-0 fusion_builder_column_1_1 1_1 fusion-one-full fusion-column-first fusion-column-last fusion-column-no-min-height\" style=\"--awb-bg-size:cover;--awb-margin-bottom:0px;\"><div class=\"fusion-column-wrapper fusion-flex-column-wrapper-legacy\"><div class=\"fusion-text fusion-text-1\"><h1 class=\"fusion-responsive-typography-calculated\" style=\"--fontsize: 40; line-height: 1.1;\" data-fontsize=\"40\" data-lineheight=\"44px\">Voici la liste de vos repr\u00e9sentants locaux<\/h1>\n<div><\/div>\n<h2 class=\"fusion-responsive-typography-calculated\" style=\"--fontsize: 30; line-height: 1;\" data-fontsize=\"30\" data-lineheight=\"30px\"><\/h2>\n<\/div><div class=\"fusion-image-element fusion-image-align-center in-legacy-container\" style=\"text-align:center;--awb-margin-top:0px;--awb-margin-right:0px;--awb-margin-bottom:5%;--awb-margin-left:0px;--awb-max-width:45%;--awb-caption-title-font-family:var(--h2_typography-font-family);--awb-caption-title-font-weight:var(--h2_typography-font-weight);--awb-caption-title-font-style:var(--h2_typography-font-style);--awb-caption-title-size:var(--h2_typography-font-size);--awb-caption-title-transform:var(--h2_typography-text-transform);--awb-caption-title-line-height:var(--h2_typography-line-height);--awb-caption-title-letter-spacing:var(--h2_typography-letter-spacing);\"><div class=\"imageframe-align-center\"><span class=\" fusion-imageframe imageframe-none imageframe-1 hover-type-none\"><img decoding=\"async\" width=\"2000\" height=\"2007\" title=\"2024-07-02_Correspondants r\u00e9gions\" src=\"https:\/\/site-de-test-et-validation.maeva-polynesie.fr\/wp-content\/uploads\/2024\/07\/2024-07-02_Correspondants-regions.png\" alt class=\"img-responsive wp-image-13250\" srcset=\"https:\/\/site-de-test-et-validation.maeva-polynesie.fr\/wp-content\/uploads\/2024\/07\/2024-07-02_Correspondants-regions-200x201.png 200w, https:\/\/site-de-test-et-validation.maeva-polynesie.fr\/wp-content\/uploads\/2024\/07\/2024-07-02_Correspondants-regions-400x401.png 400w, https:\/\/site-de-test-et-validation.maeva-polynesie.fr\/wp-content\/uploads\/2024\/07\/2024-07-02_Correspondants-regions-600x602.png 600w, https:\/\/site-de-test-et-validation.maeva-polynesie.fr\/wp-content\/uploads\/2024\/07\/2024-07-02_Correspondants-regions-800x803.png 800w, https:\/\/site-de-test-et-validation.maeva-polynesie.fr\/wp-content\/uploads\/2024\/07\/2024-07-02_Correspondants-regions-1200x1204.png 1200w, https:\/\/site-de-test-et-validation.maeva-polynesie.fr\/wp-content\/uploads\/2024\/07\/2024-07-02_Correspondants-regions.png 2000w\" sizes=\"(max-width: 800px) 100vw, 1200px\" \/><\/span><\/div><\/div><div class=\"fusion-text fusion-text-2\"><div class=\"table-1\">\n<table width=\"100%\">\n<thead>\n<tr>\n<th style=\"text-align: center;\" align=\"left\"><strong><big>R\u00e9gion<\/big><\/strong><\/th>\n<th style=\"text-align: center;\" align=\"left\"><strong><big>Qui ?<\/big><\/strong><\/th>\n<th style=\"text-align: center;\" align=\"left\"><strong><big>T\u00e9l\u00e9phone<\/big><\/strong><\/th>\n<th style=\"text-align: center;\" align=\"left\"><strong><big>Email<\/big><\/strong><\/th>\n<\/tr>\n<\/thead>\n<tbody>\n<tr>\n<td style=\"text-align: center;\">Bretagne<br \/>Pays de la Loire<br \/>Nouvelle Aquitaine<br \/>Centre-Val de Loire<br \/>Normandie<\/td>\n<td style=\"text-align: center;\">Myriam PRADET<\/td>\n<td style=\"text-align: center;\">02 99 54 00 56<\/td>\n<td style=\"text-align: center;\">myriam.pradet [@] maeva-polynesie.fr<\/td>\n<\/tr>\n<tr>\n<td style=\"text-align: center;\">Auvergne-Rh\u00f4ne-Alpes<br \/>Occitanie<br \/>Provence-Alpes-C\u00f4te d&#8217;Azur<br \/>Corse<\/td>\n<td style=\"text-align: center;\">Joselyne TERRIEN<\/td>\n<td style=\"text-align: center;\">04 78 05 43 76<\/td>\n<td style=\"text-align: center;\">joselyne.terrien [@] maeva-polynesie.fr<\/td>\n<\/tr>\n<tr>\n<td style=\"text-align: center;\">\u00cele-de-France<br \/>Hauts-de-France<\/td>\n<td style=\"text-align: center;\">Dominique COLOMBIER<\/td>\n<td style=\"text-align: center;\">\n<p>01 43 60 81 16<\/p>\n<\/td>\n<td style=\"text-align: center;\">dominique.colombier [@] maeva-polynesie.fr<\/td>\n<\/tr>\n<tr>\n<td style=\"text-align: center;\">Grand Est<br \/>Bourgogne-Franche-Comt\u00e9<\/td>\n<td style=\"text-align: center;\">Marie LACOIN<\/td>\n<td style=\"text-align: center;\">06 62 44 14 70<\/td>\n<td style=\"text-align: center;\">marie.lacoin [@] maeva-polynesie.fr<\/td>\n<\/tr>\n<tr>\n<td style=\"text-align: center;\"><\/td>\n<td style=\"text-align: center;\"><\/td>\n<td style=\"text-align: center;\"><\/td>\n<td style=\"text-align: center;\"><\/td>\n<\/tr>\n<tr>\n<td style=\"text-align: center;\"> <\/td>\n<td style=\"text-align: center;\"> <\/td>\n<td style=\"text-align: center;\"> <\/td>\n<td style=\"text-align: center;\"> <\/td>\n<\/tr>\n<\/tbody>\n<\/table>\n<\/div>\n<\/div><div class=\"fusion-text fusion-text-3\"><h6 class=\"\" style=\"text-align: left; --fontsize: 11; line-height: 1.55; --minfontsize: 11;\" data-fontsize=\"11\" data-lineheight=\"17.05px\">Page cr\u00e9\u00e9e par MR le : 2 mai 2016 &#8211; modifi\u00e9e par MR le : 02 juillet 2024<\/h6>\n<\/div><div class=\"fusion-clearfix\"><\/div><\/div><\/div><\/div><\/div><div class=\"fusion-fullwidth fullwidth-box fusion-builder-row-2 fusion-flex-container nonhundred-percent-fullwidth non-hundred-percent-height-scrolling\" style=\"--awb-border-radius-top-left:0px;--awb-border-radius-top-right:0px;--awb-border-radius-bottom-right:0px;--awb-border-radius-bottom-left:0px;--awb-flex-wrap:wrap;\" ><div class=\"fusion-builder-row fusion-row fusion-flex-align-items-flex-start fusion-flex-content-wrap\" style=\"max-width:1144px;margin-left: calc(-4% \/ 2 );margin-right: calc(-4% \/ 2 );\"><\/div><\/div><\/p>\n","protected":false},"excerpt":{"rendered":"","protected":false},"author":1,"featured_media":0,"parent":0,"menu_order":0,"comment_status":"closed","ping_status":"closed","template":"","meta":{"footnotes":""},"class_list":["post-11761","page","type-page","status-publish","hentry"],"_links":{"self":[{"href":"https:\/\/site-de-test-et-validation.maeva-polynesie.fr\/index.php?rest_route=\/wp\/v2\/pages\/11761","targetHints":{"allow":["GET"]}}],"collection":[{"href":"https:\/\/site-de-test-et-validation.maeva-polynesie.fr\/index.php?rest_route=\/wp\/v2\/pages"}],"about":[{"href":"https:\/\/site-de-test-et-validation.maeva-polynesie.fr\/index.php?rest_route=\/wp\/v2\/types\/page"}],"author":[{"embeddable":true,"href":"https:\/\/site-de-test-et-validation.maeva-polynesie.fr\/index.php?rest_route=\/wp\/v2\/users\/1"}],"replies":[{"embeddable":true,"href":"https:\/\/site-de-test-et-validation.maeva-polynesie.fr\/index.php?rest_route=%2Fwp%2Fv2%2Fcomments&post=11761"}],"version-history":[{"count":25,"href":"https:\/\/site-de-test-et-validation.maeva-polynesie.fr\/index.php?rest_route=\/wp\/v2\/pages\/11761\/revisions"}],"predecessor-version":[{"id":13251,"href":"https:\/\/site-de-test-et-validation.maeva-polynesie.fr\/index.php?rest_route=\/wp\/v2\/pages\/11761\/revisions\/13251"}],"wp:attachment":[{"href":"https:\/\/site-de-test-et-validation.maeva-polynesie.fr\/index.php?rest_route=%2Fwp%2Fv2%2Fmedia&parent=11761"}],"curies":[{"name":"wp","href":"https:\/\/api.w.org\/{rel}","templated":true}]}}