{"id":11847,"date":"2016-11-01T09:32:33","date_gmt":"2016-11-01T08:32:33","guid":{"rendered":"https:\/\/www.maeva-polynesie.fr\/?page_id=11847"},"modified":"2023-01-15T19:23:23","modified_gmt":"2023-01-15T18:23:23","slug":"les-fetes","status":"publish","type":"page","link":"https:\/\/site-de-test-et-validation.maeva-polynesie.fr\/?page_id=11847","title":{"rendered":"la prochaine f\u00eate"},"content":{"rendered":"<p><div class=\"fusion-fullwidth fullwidth-box fusion-builder-row-1 nonhundred-percent-fullwidth non-hundred-percent-height-scrolling\" style=\"--awb-background-position:left top;--awb-border-sizes-top:0px;--awb-border-sizes-bottom:0px;--awb-border-sizes-left:0px;--awb-border-sizes-right:0px;--awb-border-radius-top-left:0px;--awb-border-radius-top-right:0px;--awb-border-radius-bottom-right:0px;--awb-border-radius-bottom-left:0px;--awb-padding-top:20px;--awb-padding-bottom:20px;--awb-flex-wrap:wrap;\" ><div class=\"fusion-builder-row fusion-row\"><div class=\"fusion-layout-column fusion_builder_column fusion-builder-column-0 fusion_builder_column_1_1 1_1 fusion-one-full fusion-column-first fusion-column-last fusion-column-no-min-height\" style=\"--awb-bg-size:cover;--awb-margin-bottom:0px;\"><div class=\"fusion-column-wrapper fusion-flex-column-wrapper-legacy\"><div class=\"fusion-text fusion-text-1\"><h1 style=\"--fontSize: 40; line-height: 1.1;\" data-fontsize=\"40\" data-lineheight=\"44px\" class=\"fusion-responsive-typography-calculated\">La f\u00eate 2023<\/h1>\n<p>Se tiendra le week-end de la pentec\u00f4te, les 27.28 et 29 mai 2023.<\/p>\n<p>Le lieu exact sera envoy\u00e9 aux membres inscrits \u00e0 cette f\u00eate.<\/p>\n<p>Pour vous inscrire, <a href=\"https:\/\/site-de-test-et-validation.maeva-polynesie.fr\/?page_id=11850\">suivez ce lien<\/a><\/p>\n<\/div><div class=\"fusion-text fusion-text-2\"><h6 style=\"text-align: left; --fontSize: 11; line-height: 1.55; --minFontSize: 11;\" data-fontsize=\"11\" data-lineheight=\"17.05px\" class=\"fusion-responsive-typography-calculated\">Page cr\u00e9\u00e9e par MR le : 1 novembre 2016 &#8211;  modifi\u00e9e par MR le : 15 janvier 2023<br \/><\/h6>\n<\/div><div class=\"fusion-clearfix\"><\/div><\/div><\/div><\/div><\/div><div class=\"fusion-fullwidth fullwidth-box fusion-builder-row-2 nonhundred-percent-fullwidth non-hundred-percent-height-scrolling\" style=\"--awb-border-radius-top-left:0px;--awb-border-radius-top-right:0px;--awb-border-radius-bottom-right:0px;--awb-border-radius-bottom-left:0px;--awb-flex-wrap:wrap;\" ><div class=\"fusion-builder-row fusion-row\"><div class=\"fusion-layout-column fusion_builder_column fusion-builder-column-1 fusion_builder_column_1_1 1_1 fusion-one-full fusion-column-first fusion-column-last\" style=\"--awb-bg-size:cover;--awb-margin-bottom:0px;\"><div class=\"fusion-column-wrapper fusion-flex-column-wrapper-legacy\"><div class=\"fusion-text fusion-text-3\"><\/div><div class=\"fusion-clearfix\"><\/div><\/div><\/div><\/div><\/div><\/p>\n","protected":false},"excerpt":{"rendered":"","protected":false},"author":1,"featured_media":0,"parent":0,"menu_order":0,"comment_status":"closed","ping_status":"closed","template":"","meta":{"footnotes":""},"class_list":["post-11847","page","type-page","status-publish","hentry"],"_links":{"self":[{"href":"https:\/\/site-de-test-et-validation.maeva-polynesie.fr\/index.php?rest_route=\/wp\/v2\/pages\/11847","targetHints":{"allow":["GET"]}}],"collection":[{"href":"https:\/\/site-de-test-et-validation.maeva-polynesie.fr\/index.php?rest_route=\/wp\/v2\/pages"}],"about":[{"href":"https:\/\/site-de-test-et-validation.maeva-polynesie.fr\/index.php?rest_route=\/wp\/v2\/types\/page"}],"author":[{"embeddable":true,"href":"https:\/\/site-de-test-et-validation.maeva-polynesie.fr\/index.php?rest_route=\/wp\/v2\/users\/1"}],"replies":[{"embeddable":true,"href":"https:\/\/site-de-test-et-validation.maeva-polynesie.fr\/index.php?rest_route=%2Fwp%2Fv2%2Fcomments&post=11847"}],"version-history":[{"count":11,"href":"https:\/\/site-de-test-et-validation.maeva-polynesie.fr\/index.php?rest_route=\/wp\/v2\/pages\/11847\/revisions"}],"predecessor-version":[{"id":13202,"href":"https:\/\/site-de-test-et-validation.maeva-polynesie.fr\/index.php?rest_route=\/wp\/v2\/pages\/11847\/revisions\/13202"}],"wp:attachment":[{"href":"https:\/\/site-de-test-et-validation.maeva-polynesie.fr\/index.php?rest_route=%2Fwp%2Fv2%2Fmedia&parent=11847"}],"curies":[{"name":"wp","href":"https:\/\/api.w.org\/{rel}","templated":true}]}}