{"id":11854,"date":"2016-11-01T10:02:46","date_gmt":"2016-11-01T09:02:46","guid":{"rendered":"https:\/\/www.maeva-polynesie.fr\/?page_id=11854"},"modified":"2018-05-09T15:58:29","modified_gmt":"2018-05-09T14:58:29","slug":"galerie-photos-des-fetes-passees","status":"publish","type":"page","link":"https:\/\/site-de-test-et-validation.maeva-polynesie.fr\/?page_id=11854","title":{"rendered":"Galerie Photos des f\u00eates pass\u00e9es"},"content":{"rendered":"<div class=\"fusion-fullwidth fullwidth-box fusion-builder-row-1 nonhundred-percent-fullwidth non-hundred-percent-height-scrolling\" style=\"--awb-background-position:left top;--awb-border-radius-top-left:0px;--awb-border-radius-top-right:0px;--awb-border-radius-bottom-right:0px;--awb-border-radius-bottom-left:0px;--awb-padding-top:20px;--awb-padding-bottom:20px;--awb-border-sizes-top:0px;--awb-border-sizes-bottom:0px;--awb-flex-wrap:wrap;\" ><div class=\"fusion-builder-row fusion-row\"><div class=\"fusion-layout-column fusion_builder_column fusion-builder-column-0 fusion_builder_column_1_1 1_1 fusion-one-full fusion-column-first fusion-column-last fusion-column-no-min-height\" style=\"--awb-bg-size:cover;--awb-margin-bottom:0px;\"><div class=\"fusion-column-wrapper fusion-flex-column-wrapper-legacy\"><div class=\"fusion-slider-sc fusion-flexslider-loading flexslider flexslider-hover-type-liftup\" data-slideshow_autoplay=\"1\" data-slideshow_smooth_height=\"0\" data-slideshow_speed=\"7000\" style=\"max-width:100%;height:100%;\"><ul class=\"slides\"><li class=\"image\"><span class=\"fusion-image-hover-element hover-type-liftup\"><img decoding=\"async\" src=\"https:\/\/site-de-test-et-validation.maeva-polynesie.fr\/wp-content\/uploads\/2016\/04\/DSC_0104-web.jpg\" width=\"1200\" height=\"607\" \/><\/span><\/li><li class=\"image\"><span class=\"fusion-image-hover-element hover-type-liftup\"><img decoding=\"async\" src=\"https:\/\/site-de-test-et-validation.maeva-polynesie.fr\/wp-content\/uploads\/2016\/11\/DIA-FETE_2016-LATHUS_DSCF0226.jpg\" width=\"1100\" height=\"620\" \/><\/span><\/li><li class=\"image\"><span class=\"fusion-image-hover-element hover-type-liftup\"><img decoding=\"async\" src=\"https:\/\/site-de-test-et-validation.maeva-polynesie.fr\/wp-content\/uploads\/2016\/04\/IMG_7856-web.jpg\" width=\"2000\" height=\"1009\" \/><\/span><\/li><li class=\"image\"><span class=\"fusion-image-hover-element hover-type-liftup\"><img decoding=\"async\" src=\"https:\/\/site-de-test-et-validation.maeva-polynesie.fr\/wp-content\/uploads\/2016\/11\/DIA-FETE_2016-LATHUS_DSCF0430.jpg\" width=\"1100\" height=\"620\" \/><\/span><\/li><\/ul><\/div><div class=\"fusion-text fusion-text-1\"><h1>Galerie Photos des f\u00eates pass\u00e9es<\/h1>\n<h2 style=\"text-align: left; padding-left: 60px;\"><a href=\"https:\/\/site-de-test-et-validation.maeva-polynesie.fr\/?page_id=12837\">2017 MEYMAC<\/a><\/h2>\n<h2 style=\"padding-left: 60px;\"><a href=\"https:\/\/site-de-test-et-validation.maeva-polynesie.fr\/?page_id=11859\">2016 LATHUS<\/a><\/h2>\n<h2>\u00a0(acc\u00e8s r\u00e9serv\u00e9 aux membres)<\/h2>\n<\/div><div class=\"fusion-text fusion-text-2\"><h6 style=\"text-align: left;\">Page cr\u00e9\u00e9e par MR le : 1 novembre 2016 &#8211; \u00a0modifi\u00e9e par MR le : 9 mai 2018<\/h6>\n<\/div><div class=\"fusion-clearfix\"><\/div><\/div><\/div><\/div><\/div>\n","protected":false},"excerpt":{"rendered":"","protected":false},"author":1,"featured_media":0,"parent":0,"menu_order":0,"comment_status":"closed","ping_status":"closed","template":"","meta":{"footnotes":""},"class_list":["post-11854","page","type-page","status-publish","hentry"],"_links":{"self":[{"href":"https:\/\/site-de-test-et-validation.maeva-polynesie.fr\/index.php?rest_route=\/wp\/v2\/pages\/11854","targetHints":{"allow":["GET"]}}],"collection":[{"href":"https:\/\/site-de-test-et-validation.maeva-polynesie.fr\/index.php?rest_route=\/wp\/v2\/pages"}],"about":[{"href":"https:\/\/site-de-test-et-validation.maeva-polynesie.fr\/index.php?rest_route=\/wp\/v2\/types\/page"}],"author":[{"embeddable":true,"href":"https:\/\/site-de-test-et-validation.maeva-polynesie.fr\/index.php?rest_route=\/wp\/v2\/users\/1"}],"replies":[{"embeddable":true,"href":"https:\/\/site-de-test-et-validation.maeva-polynesie.fr\/index.php?rest_route=%2Fwp%2Fv2%2Fcomments&post=11854"}],"version-history":[{"count":9,"href":"https:\/\/site-de-test-et-validation.maeva-polynesie.fr\/index.php?rest_route=\/wp\/v2\/pages\/11854\/revisions"}],"predecessor-version":[{"id":12881,"href":"https:\/\/site-de-test-et-validation.maeva-polynesie.fr\/index.php?rest_route=\/wp\/v2\/pages\/11854\/revisions\/12881"}],"wp:attachment":[{"href":"https:\/\/site-de-test-et-validation.maeva-polynesie.fr\/index.php?rest_route=%2Fwp%2Fv2%2Fmedia&parent=11854"}],"curies":[{"name":"wp","href":"https:\/\/api.w.org\/{rel}","templated":true}]}}